{"id":2946,"date":"2023-11-27T21:40:36","date_gmt":"2023-11-27T20:40:36","guid":{"rendered":"https:\/\/bbnapoli.info\/bbnaplesnet\/?page_id=2946"},"modified":"2023-11-28T18:20:31","modified_gmt":"2023-11-28T17:20:31","slug":"informativa-privacy","status":"publish","type":"page","link":"https:\/\/bbnaples.net\/en\/informativa-privacy\/","title":{"rendered":"Informativa Privacy"},"content":{"rendered":"<div data-elementor-type=\"wp-page\" data-elementor-id=\"2946\" class=\"elementor elementor-2946\">\n\t\t\t\t<div class=\"elementor-element elementor-element-26ca7c1 e-flex e-con-boxed e-con e-parent\" data-id=\"26ca7c1\" data-element_type=\"container\" data-e-type=\"container\">\n\t\t\t\t\t<div class=\"e-con-inner\">\n\t\t\t\t<div class=\"elementor-element elementor-element-b480184 elementor-widget elementor-widget-text-editor\" data-id=\"b480184\" data-element_type=\"widget\" data-e-type=\"widget\" data-widget_type=\"text-editor.default\">\n\t\t\t\t<div class=\"elementor-widget-container\">\n\t\t\t\t\t\t\t\t\t<p>Informativa al cliente<\/p>\n<p>Gentile Cliente,<br \/>ai sensi della normativa vigente in materia di protezione dei dati personali (Regolamento UE n. 679 del 2016), Salvatore Salzano, in qualit\u00e0 di legale rappresentante B&amp;B Conte Cavour di Salvatore Salzano, titolare del trattamento, con sede in Piazza Cavour, 152 \u2013 80137 Napoli, desidera informarla che i trattamenti dei suoi dati personali sono effettuati con correttezza e trasparenza, per fini leciti e tutelando la sua riservatezza ed i suoi diritti.<\/p>\n<p>I trattamenti sono effettuati anche con l\u2019ausilio di mezzi informatici per le seguenti finalit\u00e0:<\/p>\n<p>per acquisire e confermare la sua prenotazione di servizi di alloggio e servizi accessori, e per fornire i servizi richiesti. Trattandosi di trattamenti necessari per la definizione dell\u2019accordo contrattuale e per la sua successiva attuazione, non \u00e8 richiesto il suo consenso, tranne nel caso in cui siano conferiti dati particolari, cosiddetti sensibili.In caso di rifiuto a conferire i dati personali, non potremo confermare la prenotazione o fornirle i servizi richiesti. Il trattamento cesser\u00e0 alla sua partenza, ma alcuni suoi dati personali potranno o dovranno continuare ad essere trattati per le finalit\u00e0 e con le modalit\u00e0 indicate nei punti successivi;<\/p>\n<p>per adempiere all\u2019obbligo previsto dal \u201cTesto unico delle leggi di pubblica sicurezza\u201d (articolo 109 R.D. 18.6.1931 n. 773) che ci impone di comunicare alla Questura, per fini di pubblica sicurezza, le generalit\u00e0 dei clienti alloggiati secondo le modalit\u00e0 stabilite dal Ministero dell\u2019Interno (Decreto 7 gennaio 2013). Il conferimento dei dati \u00e8 obbligatorio e non richiede il suo consenso, ed in caso di rifiuto a fornirli non potremo ospitarla nella nostra struttura. I dati acquisiti per tale finalit\u00e0 non vengono da noi conservati, a meno che non ci fornisca il consenso alla conservazione come previsto al punto 4;<\/p>\n<p>per adempiere ai vigenti obblighi amministrativi, contabili e fiscali. Per tali finalit\u00e0 il trattamento \u00e8 effettuato senza necessit\u00e0 di acquisire il suo consenso. I dati sono trattati da noi e da nostri incaricati, e vengono comunicati all\u2019esterno solo in adempimento ad obblighi di legge. In caso di rifiuto a conferire i dati necessari per gli adempimenti sopra indicati, non potremo fornirle i servizi richiesti. I dati acquisiti per tali finalit\u00e0 vengono da noi conservati per il tempo previsto dalle rispettive normative (10 anni, e anche oltre in caso di accertamenti fiscali);<br \/>per accelerare le procedure di registrazione in caso di suoi successivi soggiorni presso la nostra struttura. Per tale finalit\u00e0, previa acquisizione del suo consenso revocabile in qualsiasi momento, i suoi dati saranno conservati per il periodo massimo di 24 mesi e saranno utilizzati quando sar\u00e0 nuovamente nostro ospite per le finalit\u00e0 di cui ai punti precedenti;<\/p>\n<p>per espletare la funzione di ricevimento di messaggi e telefonate a lei indirizzati durante il suo soggiorno. Per tale finalit\u00e0 \u00e8 necessario il suo consenso. Potr\u00e0 revocare il consenso in qualsiasi momento. Il trattamento cesser\u00e0 comunque alla sua partenza;<\/p>\n<p>per inviarle comunicazioni riguardo questionari di gradimento o offerte promozionali e aggiornamenti sulle tariffe e sulle offerte dedicate. Per tale finalit\u00e0, previa acquisizione del suo consenso, i suoi dati saranno conservati per il periodo massimo di 24 mesi e non saranno comunicati a terzi. Potr\u00e0 revocare il consenso in qualsiasi momento;<\/p>\n<p>per fini di protezione delle persone, della propriet\u00e0 e del patrimonio aziendale attraverso un sistema di videosorveglianza di alcune aree della struttura, individuabili per la presenza di appositi cartelli. Per tale trattamento non \u00e8 richiesto il suo consenso, in quanto persegue il nostro legittimo interesse a tutelare le persone ed i beni rispetto a possibili aggressioni, furti, rapine, danneggiamenti, atti di vandalismo e per finalit\u00e0 di prevenzione incendi e di sicurezza del lavoro. Le immagini registrate sono cancellate dopo 24 ore, salvo festivi o altri casi di chiusura dell\u2019esercizio, e comunque non oltre una settimana. Non sono oggetto di comunicazione a terzi, tranne nel caso in cui si debba aderire ad una specifica richiesta investigativa dell\u2019autorit\u00e0 giudiziaria o di polizia giudiziaria.<\/p>\n<p>Desideriamo inoltre informarla che il Regolamento europeo le riconosce alcuni diritti, tra cui il diritto di accesso e di rettifica, o di cancellazione o di limitazione o di opposizione al trattamento, oltre al diritto alla portabilit\u00e0 dei dati, se ed in quanto applicabili (articoli da 15 a 22 del Regolamento UE n. 679 del 2016). Pu\u00f2 inoltre proporre reclamo all\u2019autorit\u00e0 di controllo, secondo le procedure previste dalla normativa vigente.<\/p>\n<p>Per qualsiasi ulteriore informazione, e per far valere i diritti a lei riconosciuti dal Regolamento europeo, potr\u00e0 rivolgersi a:<\/p>\n<p>Titolare del trattamento:<br \/>Salvatore Salzano Piazza Cavour, 152 \u2013 80137 Napoli \u2013 email: info@bbnapoli.info \u2013 P.I.: 05756341219 \u2013 +39 081 29.21.16<\/p>\t\t\t\t\t\t\t\t<\/div>\n\t\t\t\t<\/div>\n\t\t\t\t\t<\/div>\n\t\t\t\t<\/div>\n\t\t\t\t<\/div>","protected":false},"excerpt":{"rendered":"<p>Informativa al cliente Gentile Cliente,ai sensi della normativa vigente in materia di protezione dei dati personali (Regolamento UE n. 679&#8230; <span class=\"knsl-el-more\"><a href=\"https:\/\/bbnaples.net\/en\/informativa-privacy\/\" class=\"knsl-btn\">Read more<span class=\"screen-reader-text\">Read more&nbsp;Informativa Privacy<\/span><\/a><\/span><\/p>","protected":false},"author":2,"featured_media":0,"parent":0,"menu_order":0,"comment_status":"closed","ping_status":"closed","template":"template-front-page.php","meta":{"_acf_changed":false,"footnotes":""},"class_list":["post-2946","page","type-page","status-publish","hentry"],"acf":[],"_links":{"self":[{"href":"https:\/\/bbnaples.net\/en\/wp-json\/wp\/v2\/pages\/2946","targetHints":{"allow":["GET"]}}],"collection":[{"href":"https:\/\/bbnaples.net\/en\/wp-json\/wp\/v2\/pages"}],"about":[{"href":"https:\/\/bbnaples.net\/en\/wp-json\/wp\/v2\/types\/page"}],"author":[{"embeddable":true,"href":"https:\/\/bbnaples.net\/en\/wp-json\/wp\/v2\/users\/2"}],"replies":[{"embeddable":true,"href":"https:\/\/bbnaples.net\/en\/wp-json\/wp\/v2\/comments?post=2946"}],"version-history":[{"count":7,"href":"https:\/\/bbnaples.net\/en\/wp-json\/wp\/v2\/pages\/2946\/revisions"}],"predecessor-version":[{"id":2992,"href":"https:\/\/bbnaples.net\/en\/wp-json\/wp\/v2\/pages\/2946\/revisions\/2992"}],"wp:attachment":[{"href":"https:\/\/bbnaples.net\/en\/wp-json\/wp\/v2\/media?parent=2946"}],"curies":[{"name":"wp","href":"https:\/\/api.w.org\/{rel}","templated":true}]}}